{"id":1340,"date":"2024-07-21T23:21:10","date_gmt":"2024-07-21T23:21:10","guid":{"rendered":"https:\/\/morissalakante.com\/?page_id=1340"},"modified":"2024-07-22T13:50:35","modified_gmt":"2024-07-22T13:50:35","slug":"our-city","status":"publish","type":"page","link":"https:\/\/morissalakante.com\/en\/our-city\/","title":{"rendered":"Our City"},"content":{"rendered":"\n<figure class=\"wp-block-image size-full\"><img fetchpriority=\"high\" decoding=\"async\" width=\"800\" height=\"520\" src=\"https:\/\/morissalakante.com\/wp-content\/uploads\/2024\/07\/NZerekore-1.jpg\" alt=\"\" class=\"wp-image-1341\" srcset=\"https:\/\/morissalakante.com\/wp-content\/uploads\/2024\/07\/NZerekore-1.jpg 800w, https:\/\/morissalakante.com\/wp-content\/uploads\/2024\/07\/NZerekore-1-300x195.jpg 300w, https:\/\/morissalakante.com\/wp-content\/uploads\/2024\/07\/NZerekore-1-768x499.jpg 768w, https:\/\/morissalakante.com\/wp-content\/uploads\/2024\/07\/NZerekore-1-530x345.jpg 530w\" sizes=\"(max-width: 800px) 100vw, 800px\" \/><\/figure>\n\n\n\n<p>Located in the extreme end of the country to the south-east, N\u2019zerekore is the third largest city of Guinea (West Africa) and the metropolis of the fourth natural region of Guinea, an area best known as \u00ab Forested Region \u00bb. Populated with over 200 thousand inhabitants.<br>This city owes its importance to its demography. Considered to be the melting pot of all the main Guinean ethnic groups, N\u2019zerekore is a true mosaic where different cultures, languages and religions (Christianity, Islam and Animism) crisscross. Beyond the national diversity, N\u2019zerekore also is home to important communities of Liberian and Ivorian origins, initially arrived as refugees having fled the war in their respective countries but eventually integrated into the local communities. This has further strengthened the ties between the city of N\u2019zerekore and these two neighboring countries, C\u00f4te d\u2019Ivoire to the east and Liberia to the south. There are also nationals from other neighboring countries, including Mali, Senegal, Nigeria, and Burkina Faso. Populations mainly use French, Kp\u00e8l\u00e8 and Malink\u00e9 (koniaka) to communicate.<br>N\u2019Z\u00e9r\u00e9kor\u00e9 is a city of hills and lowlands enjoying a subequatorial climate, mild and rainy from March to November, which makes it a green city.<br>It is the main commercial hub for agricultural products from surrounding areas for local consumption, such as rice, corn, cassava, palm oil, sweet potato, taro, okra, cucumber, eggplant. And for export, including coffee, cocoa, and cola. The economy of the city is also based on many small and medium enterprises and entrepreneurship, mainly in the sawmill, tailoring, hairdressing, carpentry, crafts, mechanics, bakery, butcher, tapestry, etc. It also houses the governorate of the region, the prefecture, the regional hospital, schools, a university, large markets, banks, mosques, and churches \u2026 It is in the heart of this beautiful city that is located our beautiful school, Elhadj Morissala Kante School Group.<\/p>\n","protected":false},"excerpt":{"rendered":"<p>Located in the extreme end of the country to the south-east, N\u2019zerekore is the third largest city of Guinea (West Africa) and the metropolis of the fourth natural region of Guinea, an area best known as \u00ab Forested Region \u00bb. Populated with over 200 thousand inhabitants.This city owes its importance to its demography. Considered to <\/p>\n","protected":false},"author":1,"featured_media":0,"parent":0,"menu_order":0,"comment_status":"closed","ping_status":"closed","template":"","meta":{"_acf_changed":false,"footnotes":""},"class_list":["post-1340","page","type-page","status-publish","hentry"],"acf":[],"_links":{"self":[{"href":"https:\/\/morissalakante.com\/en\/wp-json\/wp\/v2\/pages\/1340","targetHints":{"allow":["GET"]}}],"collection":[{"href":"https:\/\/morissalakante.com\/en\/wp-json\/wp\/v2\/pages"}],"about":[{"href":"https:\/\/morissalakante.com\/en\/wp-json\/wp\/v2\/types\/page"}],"author":[{"embeddable":true,"href":"https:\/\/morissalakante.com\/en\/wp-json\/wp\/v2\/users\/1"}],"replies":[{"embeddable":true,"href":"https:\/\/morissalakante.com\/en\/wp-json\/wp\/v2\/comments?post=1340"}],"version-history":[{"count":2,"href":"https:\/\/morissalakante.com\/en\/wp-json\/wp\/v2\/pages\/1340\/revisions"}],"predecessor-version":[{"id":1504,"href":"https:\/\/morissalakante.com\/en\/wp-json\/wp\/v2\/pages\/1340\/revisions\/1504"}],"wp:attachment":[{"href":"https:\/\/morissalakante.com\/en\/wp-json\/wp\/v2\/media?parent=1340"}],"curies":[{"name":"wp","href":"https:\/\/api.w.org\/{rel}","templated":true}]}}