{"id":1395,"date":"2024-07-22T08:58:21","date_gmt":"2024-07-22T08:58:21","guid":{"rendered":"https:\/\/morissalakante.com\/?page_id=1395"},"modified":"2024-07-25T20:16:59","modified_gmt":"2024-07-25T20:16:59","slug":"our-management-and-staff","status":"publish","type":"page","link":"https:\/\/morissalakante.com\/en\/our-management-and-staff\/","title":{"rendered":"Management &#038; Staff"},"content":{"rendered":"\t\t<div data-elementor-type=\"wp-page\" data-elementor-id=\"1395\" class=\"elementor elementor-1395\">\n\t\t\t\t\t\t<div class=\"elementor-section elementor-top-section elementor-element elementor-element-bcd7952 elementor-section-full_width pt-140 elementor-section-height-default elementor-section-height-default\" data-id=\"bcd7952\" data-element_type=\"section\">\n\t\t\t\t\t\t<div class=\"elementor-container elementor-column-gap-no\">\n\t\t\t\t\t<div class=\"elementor-column elementor-col-100 elementor-top-column elementor-element elementor-element-4470479\" data-id=\"4470479\" data-element_type=\"column\">\n\t\t\t<div class=\"elementor-widget-wrap\">\n\t\t\t\t\t\t\t<\/div>\n\t\t<\/div>\n\t\t\t\t\t<\/div>\n\t\t<\/div>\n\t\t\t\t<div class=\"elementor-section elementor-top-section elementor-element elementor-element-fa45dc2 elementor-section-full_width elementor-section-height-default elementor-section-height-default\" data-id=\"fa45dc2\" data-element_type=\"section\">\n\t\t\t\t\t\t<div class=\"elementor-container elementor-column-gap-no\">\n\t\t\t\t\t<div class=\"elementor-column elementor-col-100 elementor-top-column elementor-element elementor-element-92f0340\" data-id=\"92f0340\" data-element_type=\"column\">\n\t\t\t<div class=\"elementor-widget-wrap elementor-element-populated\">\n\t\t\t\t\t\t<div class=\"elementor-element elementor-element-804158f elementor-widget elementor-widget-Escola_InstructorArea\" data-id=\"804158f\" data-element_type=\"widget\" data-widget_type=\"Escola_InstructorArea.default\">\n\t\t\t\t<div class=\"elementor-widget-container\">\n\t\t\t\r\n        <div class=\"teachers-area \">\r\n            <div class=\"container\">\r\n                                    <div class=\"section-title\">\r\n                        <span class=\"top-title\">Our <\/span>\r\n                        <h2>Introducing Our Dynamic Management and Staff<\/h2>\r\n                        <p>Welcome to Elhadj Morissala Kante School Group<\/p>\r\n                    <\/div>\r\n                \r\n                <div class=\"row justify-content-center\">\r\n                                            <div class=\"col-xl-6 col-md-6\">\r\n                                                        <div class=\"teachers-single-item me-50 mt-minus-100\">\r\n                            \r\n                                                                    <div class=\"teachers-img\">\r\n                                        <img decoding=\"async\" src=\"https:\/\/morissalakante.com\/wp-content\/uploads\/2024\/07\/Fondateur.jpg\" alt=\"Image\">\r\n                                        \r\n                                        <ul class=\"ps-0 mb-0 list-unstyled\">\r\n                                                                                            <li>\r\n                                                    <a href=\"#\" target=\"_blank\">\r\n                                                        <i class=\"flaticon-whatsapp\"><\/i>\r\n                                                    <\/a>\r\n                                                <\/li>\r\n                                                                                                                                                                                    <li>\r\n                                                    <a href=\"#\" target=\"_blank\">\r\n                                                        <i class=\"flaticon-linkedin-2\"><\/i>\r\n                                                    <\/a>\r\n                                                <\/li>\r\n                                                                                                                                        <li>\r\n                                                    <a href=\"#\" target=\"_blank\">\r\n                                                        <i class=\"flaticon-facebook-1\"><\/i>\r\n                                                    <\/a>\r\n                                                <\/li>\r\n                                                                                    <\/ul>\r\n                                    <\/div>\r\n                                \r\n                                <div class=\"teachers-content\">\r\n                                    <h3>Aboubacar Kante<\/h3>\r\n                                    <span>Fondateur<\/span>\r\n                                <\/div>\r\n                            <\/div>\r\n                        <\/div>\r\n                                            <div class=\"col-xl-6 col-md-6\">\r\n                                                        <div class=\"teachers-single-item ms-50\">\r\n                            \r\n                                                                    <div class=\"teachers-img\">\r\n                                        <img decoding=\"async\" src=\"https:\/\/morissalakante.com\/wp-content\/uploads\/2024\/07\/Directeur-Principal-04.png\" alt=\"Image\">\r\n                                        \r\n                                        <ul class=\"ps-0 mb-0 list-unstyled\">\r\n                                                                                            <li>\r\n                                                    <a href=\"#\" target=\"_blank\">\r\n                                                        <i class=\"flaticon-whatsapp\"><\/i>\r\n                                                    <\/a>\r\n                                                <\/li>\r\n                                                                                                                                                                                    <li>\r\n                                                    <a href=\"#\" target=\"_blank\">\r\n                                                        <i class=\"flaticon-linkedin-2\"><\/i>\r\n                                                    <\/a>\r\n                                                <\/li>\r\n                                                                                                                                        <li>\r\n                                                    <a href=\"#\" target=\"_blank\">\r\n                                                        <i class=\"flaticon-facebook-1\"><\/i>\r\n                                                    <\/a>\r\n                                                <\/li>\r\n                                                                                    <\/ul>\r\n                                    <\/div>\r\n                                \r\n                                <div class=\"teachers-content\">\r\n                                    <h3>P\u00e9 Gaston GAMYS<\/h3>\r\n                                    <span>Directeur<\/span>\r\n                                <\/div>\r\n                            <\/div>\r\n                        <\/div>\r\n                                            <div class=\"col-xl-6 col-md-6\">\r\n                                                        <div class=\"teachers-single-item me-50 mt-minus-100\">\r\n                            \r\n                                                                    <div class=\"teachers-img\">\r\n                                        <img decoding=\"async\" src=\"https:\/\/morissalakante.com\/wp-content\/uploads\/2024\/07\/Mohamed-Saidou-Doumounkou-Camara02.jpg\" alt=\"Image\">\r\n                                        \r\n                                        <ul class=\"ps-0 mb-0 list-unstyled\">\r\n                                                                                            <li>\r\n                                                    <a href=\"#\" target=\"_blank\">\r\n                                                        <i class=\"flaticon-whatsapp\"><\/i>\r\n                                                    <\/a>\r\n                                                <\/li>\r\n                                                                                                                                                                                    <li>\r\n                                                    <a href=\"#\" target=\"_blank\">\r\n                                                        <i class=\"flaticon-linkedin-2\"><\/i>\r\n                                                    <\/a>\r\n                                                <\/li>\r\n                                                                                                                                        <li>\r\n                                                    <a href=\"#\" target=\"_blank\">\r\n                                                        <i class=\"flaticon-facebook-1\"><\/i>\r\n                                                    <\/a>\r\n                                                <\/li>\r\n                                                                                    <\/ul>\r\n                                    <\/div>\r\n                                \r\n                                <div class=\"teachers-content\">\r\n                                    <h3> Mohamed Sa\u00efdou Doumounkou Camara<\/h3>\r\n                                    <span>Charg\u00e9 des Affaires P\u00e9dagogiques<\/span>\r\n                                <\/div>\r\n                            <\/div>\r\n                        <\/div>\r\n                                            <div class=\"col-xl-6 col-md-6\">\r\n                                                        <div class=\"teachers-single-item ms-50\">\r\n                            \r\n                                                                    <div class=\"teachers-img\">\r\n                                        <img decoding=\"async\" src=\"https:\/\/morissalakante.com\/wp-content\/uploads\/2024\/07\/Mohamed-Saidou-Doumounkou-Camara02.jpg\" alt=\"Image\">\r\n                                        \r\n                                        <ul class=\"ps-0 mb-0 list-unstyled\">\r\n                                                                                            <li>\r\n                                                    <a href=\"#\" target=\"_blank\">\r\n                                                        <i class=\"flaticon-whatsapp\"><\/i>\r\n                                                    <\/a>\r\n                                                <\/li>\r\n                                                                                                                                                                                    <li>\r\n                                                    <a href=\"#\" target=\"_blank\">\r\n                                                        <i class=\"flaticon-linkedin-2\"><\/i>\r\n                                                    <\/a>\r\n                                                <\/li>\r\n                                                                                                                                        <li>\r\n                                                    <a href=\"#\" target=\"_blank\">\r\n                                                        <i class=\"flaticon-facebook-1\"><\/i>\r\n                                                    <\/a>\r\n                                                <\/li>\r\n                                                                                    <\/ul>\r\n                                    <\/div>\r\n                                \r\n                                <div class=\"teachers-content\">\r\n                                    <h3> Mohamed Sa\u00efdou Doumounkou Camara<\/h3>\r\n                                    <span>Charg\u00e9 des Affaires P\u00e9dagogiques<\/span>\r\n                                <\/div>\r\n                            <\/div>\r\n                        <\/div>\r\n                    \r\n                                            <div class=\"col-lg-12\">\r\n                            <div class=\"text-center\">\r\n                                <a href=\"https:\/\/morissalakante.com\/?page_id=1668&#038;preview=true\" class=\"read-more\">VIEW ALL Managers and Staff                                <i class=\"flaticon-up-right-arrow\"><\/i><\/a>\r\n                            <\/div>\r\n                        <\/div>\r\n                                    <\/div>\r\n            <\/div>\r\n        <\/div>\r\n        \t\t<\/div>\n\t\t\t\t<\/div>\n\t\t\t\t\t<\/div>\n\t\t<\/div>\n\t\t\t\t\t<\/div>\n\t\t<\/div>\n\t\t\t\t<\/div>\n\t\t","protected":false},"excerpt":{"rendered":"<p>Our Introducing Our Dynamic Management and Staff Welcome to Elhadj Morissala Kante School Group Aboubacar Kante Fondateur P\u00e9 Gaston GAMYS Directeur Mohamed Sa\u00efdou Doumounkou Camara Charg\u00e9 des Affaires P\u00e9dagogiques Mohamed Sa\u00efdou Doumounkou Camara Charg\u00e9 des Affaires P\u00e9dagogiques VIEW ALL Managers and Staff<\/p>\n","protected":false},"author":1,"featured_media":0,"parent":0,"menu_order":0,"comment_status":"closed","ping_status":"closed","template":"","meta":{"_acf_changed":false,"footnotes":""},"class_list":["post-1395","page","type-page","status-publish","hentry"],"acf":[],"_links":{"self":[{"href":"https:\/\/morissalakante.com\/en\/wp-json\/wp\/v2\/pages\/1395","targetHints":{"allow":["GET"]}}],"collection":[{"href":"https:\/\/morissalakante.com\/en\/wp-json\/wp\/v2\/pages"}],"about":[{"href":"https:\/\/morissalakante.com\/en\/wp-json\/wp\/v2\/types\/page"}],"author":[{"embeddable":true,"href":"https:\/\/morissalakante.com\/en\/wp-json\/wp\/v2\/users\/1"}],"replies":[{"embeddable":true,"href":"https:\/\/morissalakante.com\/en\/wp-json\/wp\/v2\/comments?post=1395"}],"version-history":[{"count":44,"href":"https:\/\/morissalakante.com\/en\/wp-json\/wp\/v2\/pages\/1395\/revisions"}],"predecessor-version":[{"id":1684,"href":"https:\/\/morissalakante.com\/en\/wp-json\/wp\/v2\/pages\/1395\/revisions\/1684"}],"wp:attachment":[{"href":"https:\/\/morissalakante.com\/en\/wp-json\/wp\/v2\/media?parent=1395"}],"curies":[{"name":"wp","href":"https:\/\/api.w.org\/{rel}","templated":true}]}}