{"id":1468,"date":"2024-07-22T13:12:36","date_gmt":"2024-07-22T13:12:36","guid":{"rendered":"https:\/\/morissalakante.com\/?page_id=1468"},"modified":"2024-07-25T20:47:09","modified_gmt":"2024-07-25T20:47:09","slug":"about-us","status":"publish","type":"page","link":"https:\/\/morissalakante.com\/en\/about-us\/","title":{"rendered":"About Us"},"content":{"rendered":"\t\t<div data-elementor-type=\"wp-page\" data-elementor-id=\"1468\" class=\"elementor elementor-1468\">\n\t\t\t\t\t\t<div class=\"elementor-section elementor-top-section elementor-element elementor-element-9f08e71 elementor-section-full_width elementor-section-height-default elementor-section-height-default\" data-id=\"9f08e71\" data-element_type=\"section\">\n\t\t\t\t\t\t<div class=\"elementor-container elementor-column-gap-no\">\n\t\t\t\t\t<div class=\"elementor-column elementor-col-100 elementor-top-column elementor-element elementor-element-15e6726\" data-id=\"15e6726\" data-element_type=\"column\">\n\t\t\t<div class=\"elementor-widget-wrap elementor-element-populated\">\n\t\t\t\t\t\t<div class=\"elementor-element elementor-element-b0b001a elementor-widget elementor-widget-image\" data-id=\"b0b001a\" data-element_type=\"widget\" data-widget_type=\"image.default\">\n\t\t\t\t<div class=\"elementor-widget-container\">\n\t\t\t<style>\/*! elementor - v3.23.0 - 15-07-2024 *\/\n.elementor-widget-image{text-align:center}.elementor-widget-image a{display:inline-block}.elementor-widget-image a img[src$=\".svg\"]{width:48px}.elementor-widget-image img{vertical-align:middle;display:inline-block}<\/style>\t\t\t\t\t\t\t\t\t\t<img fetchpriority=\"high\" decoding=\"async\" width=\"640\" height=\"364\" src=\"https:\/\/morissalakante.com\/wp-content\/uploads\/2024\/07\/Slide-03-1024x582.jpg\" class=\"attachment-large size-large wp-image-1372\" alt=\"\" srcset=\"https:\/\/morissalakante.com\/wp-content\/uploads\/2024\/07\/Slide-03-1024x582.jpg 1024w, https:\/\/morissalakante.com\/wp-content\/uploads\/2024\/07\/Slide-03-300x170.jpg 300w, https:\/\/morissalakante.com\/wp-content\/uploads\/2024\/07\/Slide-03-768x436.jpg 768w, https:\/\/morissalakante.com\/wp-content\/uploads\/2024\/07\/Slide-03-860x490.jpg 860w, https:\/\/morissalakante.com\/wp-content\/uploads\/2024\/07\/Slide-03-530x301.jpg 530w, https:\/\/morissalakante.com\/wp-content\/uploads\/2024\/07\/Slide-03.jpg 1280w\" sizes=\"(max-width: 640px) 100vw, 640px\" \/>\t\t\t\t\t\t\t\t\t\t\t\t\t<\/div>\n\t\t\t\t<\/div>\n\t\t\t\t<div class=\"elementor-element elementor-element-750cb37 elementor-widget elementor-widget-heading\" data-id=\"750cb37\" data-element_type=\"widget\" data-widget_type=\"heading.default\">\n\t\t\t\t<div class=\"elementor-widget-container\">\n\t\t\t<style>\/*! elementor - v3.23.0 - 15-07-2024 *\/\n.elementor-heading-title{padding:0;margin:0;line-height:1}.elementor-widget-heading .elementor-heading-title[class*=elementor-size-]>a{color:inherit;font-size:inherit;line-height:inherit}.elementor-widget-heading .elementor-heading-title.elementor-size-small{font-size:15px}.elementor-widget-heading .elementor-heading-title.elementor-size-medium{font-size:19px}.elementor-widget-heading .elementor-heading-title.elementor-size-large{font-size:29px}.elementor-widget-heading .elementor-heading-title.elementor-size-xl{font-size:39px}.elementor-widget-heading .elementor-heading-title.elementor-size-xxl{font-size:59px}<\/style><h2 class=\"elementor-heading-title elementor-size-default\">SCHOOL OVERVIEW<\/h2>\t\t<\/div>\n\t\t\t\t<\/div>\n\t\t\t\t<div class=\"elementor-element elementor-element-af0a5b0 elementor-widget elementor-widget-text-editor\" data-id=\"af0a5b0\" data-element_type=\"widget\" data-widget_type=\"text-editor.default\">\n\t\t\t\t<div class=\"elementor-widget-container\">\n\t\t\t<style>\/*! elementor - v3.23.0 - 15-07-2024 *\/\n.elementor-widget-text-editor.elementor-drop-cap-view-stacked .elementor-drop-cap{background-color:#69727d;color:#fff}.elementor-widget-text-editor.elementor-drop-cap-view-framed .elementor-drop-cap{color:#69727d;border:3px solid;background-color:transparent}.elementor-widget-text-editor:not(.elementor-drop-cap-view-default) .elementor-drop-cap{margin-top:8px}.elementor-widget-text-editor:not(.elementor-drop-cap-view-default) .elementor-drop-cap-letter{width:1em;height:1em}.elementor-widget-text-editor .elementor-drop-cap{float:left;text-align:center;line-height:1;font-size:50px}.elementor-widget-text-editor .elementor-drop-cap-letter{display:inline-block}<\/style>\t\t\t\t<p>The Elhadj Morissala Kante School Group (GSEMK) is located in the Dorota district, north of the city of N\u2019z\u00e9r\u00e9kor\u00e9, with an area of 1440 m2. It consists of two buildings that include an administrative office, modern pre-K through primary classrooms. It also has a computer room and a playground and sports field. It prides itself on being one of the best schools in the Republic of Guinea.<br \/>Our curriculum is bilingual (French and English), based on Guinea\u2019s national curriculum, but with an international approach, emphasizing creativity, computer skills, openness and leadership. Management and teaching are carried out by an administrative and pedagogical team that is regularly evaluated, upgraded and strengthened by local and international consultants. Our school environment is designed to be safe, stimulating and welcoming. We are a Centre of diversity to which everyone belongs, without distinction, and where children learn not only to accept and respect difference, but also to celebrate and promote unity, equality and meritocracy.<br \/>GSEMK\u2019s assets allow children to develop all their intellectual, creative, cognitive, artistic, manual and physical faculties.<br \/>We therefore invite all parents to entrust their children to us in order to guarantee their schooling and their future.<\/p>\t\t\t\t\t\t<\/div>\n\t\t\t\t<\/div>\n\t\t\t\t\t<\/div>\n\t\t<\/div>\n\t\t\t\t\t<\/div>\n\t\t<\/div>\n\t\t\t\t<div class=\"elementor-section elementor-top-section elementor-element elementor-element-e52cfc2 elementor-section-full_width elementor-section-height-default elementor-section-height-default\" data-id=\"e52cfc2\" data-element_type=\"section\">\n\t\t\t\t\t\t<div class=\"elementor-container elementor-column-gap-no\">\n\t\t\t\t\t<div class=\"elementor-column elementor-col-100 elementor-top-column elementor-element elementor-element-d7f424f\" data-id=\"d7f424f\" data-element_type=\"column\">\n\t\t\t<div class=\"elementor-widget-wrap\">\n\t\t\t\t\t\t\t<\/div>\n\t\t<\/div>\n\t\t\t\t\t<\/div>\n\t\t<\/div>\n\t\t\t\t<div class=\"elementor-section elementor-top-section elementor-element elementor-element-b7921d3 elementor-section-full_width elementor-section-height-default elementor-section-height-default\" data-id=\"b7921d3\" data-element_type=\"section\">\n\t\t\t\t\t\t<div class=\"elementor-container elementor-column-gap-no\">\n\t\t\t\t\t<div class=\"elementor-column elementor-col-100 elementor-top-column elementor-element elementor-element-910be1b\" data-id=\"910be1b\" data-element_type=\"column\">\n\t\t\t<div class=\"elementor-widget-wrap\">\n\t\t\t\t\t\t\t<\/div>\n\t\t<\/div>\n\t\t\t\t\t<\/div>\n\t\t<\/div>\n\t\t\t\t<div class=\"elementor-section elementor-top-section elementor-element elementor-element-21dbba2 elementor-section-full_width bg-fffbf5 elementor-section-height-default elementor-section-height-default\" data-id=\"21dbba2\" data-element_type=\"section\">\n\t\t\t\t\t\t<div class=\"elementor-container elementor-column-gap-no\">\n\t\t\t\t\t<div class=\"elementor-column elementor-col-100 elementor-top-column elementor-element elementor-element-11629b9\" data-id=\"11629b9\" data-element_type=\"column\">\n\t\t\t<div class=\"elementor-widget-wrap elementor-element-populated\">\n\t\t\t\t\t\t<div class=\"elementor-element elementor-element-d7f3d4e elementor-widget elementor-widget-BomdiaMissionArea\" data-id=\"d7f3d4e\" data-element_type=\"widget\" data-widget_type=\"BomdiaMissionArea.default\">\n\t\t\t\t<div class=\"elementor-widget-container\">\n\t\t\t        <div class=\"mision-area pt-140 pb-115\">\r\n            <div class=\"container\">\r\n                <div class=\"row justify-content-center\">\r\n                                            <div class=\"col-lg-4 col-md-6\">\r\n                            <div class=\"mission-single-item mb-4 position-relative z-1  transition-y\">\r\n                                                                    <i class=\"flaticon-elearning\"><\/i>\r\n                                \r\n                                <h3>Our Vision<\/h3>\r\n                                <p>At Elhadj Morissala Kante School Group, we challenge our students to become globally competitive, technologically elite, and to be committed to infinite and lifelong learning.\n<\/p>\r\n\r\n                                \r\n                                                                    <img decoding=\"async\" src=\"https:\/\/morissalakante.com\/wp-content\/uploads\/2023\/11\/shape-4.png \" class=\"shape shape-4 time-12\" alt=\"shape\">\r\n                                                            <\/div>\r\n                        <\/div>\r\n                                            <div class=\"col-lg-4 col-md-6\">\r\n                            <div class=\"mission-single-item mb-4 position-relative z-1 bg-eeffc7 transition-y\">\r\n                                                                    <i class=\"flaticon-online-learning\"><\/i>\r\n                                \r\n                                <h3>Our Mission<\/h3>\r\n                                <p>Our mission is  to provide a safe, inclusive, and dynamic learning environment where every child can thrive. We believe in fostering a love for learning, encouraging curiosity, and instilling values that extend far beyond the classroom.<\/p>\r\n\r\n                                \r\n                                                                    <img decoding=\"async\" src=\"https:\/\/morissalakante.com\/wp-content\/uploads\/2023\/11\/shape-4.png \" class=\"shape shape-4 time-12\" alt=\"shape\">\r\n                                                            <\/div>\r\n                        <\/div>\r\n                                            <div class=\"col-lg-4 col-md-6\">\r\n                            <div class=\"mission-single-item mb-4 position-relative z-1 bg-ffeac8 transition-y\">\r\n                                                                    <i class=\"flaticon-student-grades\"><\/i>\r\n                                \r\n                                <h3>Our Motto<\/h3>\r\n                                <p>Hard Work - Discipline - Excellence<\/p>\r\n\r\n                                \r\n                                                                    <img decoding=\"async\" src=\"https:\/\/morissalakante.com\/wp-content\/uploads\/2023\/11\/shape-4.png \" class=\"shape shape-4 time-12\" alt=\"shape\">\r\n                                                            <\/div>\r\n                        <\/div>\r\n                                    <\/div>\r\n            <\/div>\r\n        <\/div>\r\n        \t\t<\/div>\n\t\t\t\t<\/div>\n\t\t\t\t<div class=\"elementor-element elementor-element-33ce7b2 elementor-widget elementor-widget-EscolaAboutArea\" data-id=\"33ce7b2\" data-element_type=\"widget\" data-widget_type=\"EscolaAboutArea.default\">\n\t\t\t\t<div class=\"elementor-widget-container\">\n\t\t\t        <div class=\"pt-140 position-relative z-1\">\r\n            <div class=\"container\">\r\n                <div class=\"row align-content-center\">\r\n                                            <div class=\"col-lg-6\">\r\n                            <div class=\"about-img h-100 text-center text-lg-start\">\r\n                                <img decoding=\"async\" src=\"https:\/\/morissalakante.com\/wp-content\/uploads\/2024\/07\/Slide-00-scaled.jpg \" class=\"h-100 object-fit-cover\" alt=\"image\">\r\n                            <\/div>\r\n                        <\/div>\r\n                    \r\n                    <div class=\"col-lg-6\">\r\n                        <div class=\"about-content mt-5 mt-lg-0\">\r\n                            <span class=\"top-title\"><\/span>\r\n                            <h2>Our Commitment to Children&#039;s Success, Get to Know Us\n<\/h2>\r\n                            <p class=\"mb-30\">Welcome to GSEMK, where education is an exciting adventure! We're passionate about nurturing young minds, inspiring creativity, and building a strong foundation for a lifetime of learning.<\/p>\r\n\r\n                            <ul class=\"ps-0 list-unstyled\">\r\n                                                                    <li class=\"d-flex\">\r\n                                                                                    <div class=\"flex-shrink-0\">\r\n                                                <i class=\"flaticon-checkmark\"><\/i>\r\n                                            <\/div>\r\n                                        \r\n                                        <div class=\"flex-grow-1 ms-3\">\r\n                                            <h4>Dedicated Educators:<\/h4>\r\n                                            <p>Our passionate teachers are the heart of our school. They bring expertise, creativity, and a genuine love for children to the classroom every day.<\/p>\r\n                                        <\/div>\r\n                                    <\/li>\r\n                                                                    <li class=\"d-flex\">\r\n                                                                                    <div class=\"flex-shrink-0\">\r\n                                                <i class=\"flaticon-checkmark\"><\/i>\r\n                                            <\/div>\r\n                                        \r\n                                        <div class=\"flex-grow-1 ms-3\">\r\n                                            <h4>Engaging Curriculum:<\/h4>\r\n                                            <p>Our curriculum is thoughtfully designed to meet the needs of young learners, making learning a delightful and meaningful experience.<\/p>\r\n                                        <\/div>\r\n                                    <\/li>\r\n                                                                    <li class=\"d-flex\">\r\n                                                                                    <div class=\"flex-shrink-0\">\r\n                                                <i class=\"flaticon-checkmark\"><\/i>\r\n                                            <\/div>\r\n                                        \r\n                                        <div class=\"flex-grow-1 ms-3\">\r\n                                            <h4>Safe Environment:<\/h4>\r\n                                            <p>Safety is our top priority. Our campus is a secure, welcoming space where children can explore, learn, and grow.<\/p>\r\n                                        <\/div>\r\n                                    <\/li>\r\n                                                                    <li class=\"d-flex\">\r\n                                                                                    <div class=\"flex-shrink-0\">\r\n                                                <i class=\"flaticon-checkmark\"><\/i>\r\n                                            <\/div>\r\n                                        \r\n                                        <div class=\"flex-grow-1 ms-3\">\r\n                                            <h4>Community Involvement:<\/h4>\r\n                                            <p>We believe that education extends beyond the school walls. We actively engage with parents, families, and the community to create a supportive network for our students.<\/p>\r\n                                        <\/div>\r\n                                    <\/li>\r\n                                                            <\/ul>\r\n\r\n                            \r\n                            \r\n                                                    <\/div>\r\n                    <\/div>\r\n                <\/div>\r\n            <\/div>\r\n                            <img decoding=\"async\" src=\"https:\/\/morissalakante.com\/wp-content\/uploads\/2023\/11\/shape-3.png \" class=\"shape shape-3\" alt=\"shape\">\r\n                    <\/div>\r\n        \t\t<\/div>\n\t\t\t\t<\/div>\n\t\t\t\t<div class=\"elementor-element elementor-element-61500c8 elementor-widget elementor-widget-EscolaLearningArea\" data-id=\"61500c8\" data-element_type=\"widget\" data-widget_type=\"EscolaLearningArea.default\">\n\t\t\t\t<div class=\"elementor-widget-container\">\n\t\t\t        <div class=\"position-relative z-1 bg-img\" style=\"background-image: url(https:\/\/morissalakante.com\/wp-content\/uploads\/2024\/07\/eleves02.jpg);\">\r\n            <div class=\"container\">\r\n                <div class=\"learning-content\">\r\n                                            <h3 class=\"fw-bold\">\r\n                            <a href=\" \" class=\"text-decoration-none text-bg-warning text-white mb-2\">\r\n                                Where Caring &amp; \r\n                            <\/a>\r\n                        <\/h3>\r\n                    \r\n                                            <h3 class=\"fw-bold\">\r\n                            <a href=\"\" class=\"text-decoration-none text-bg-warning text-white\">\r\n                                Learning Flourish                            <\/a>\r\n                        <\/h3>\r\n                    \r\n                <\/div>\r\n            <\/div>\r\n        <\/div>\r\n        \t\t<\/div>\n\t\t\t\t<\/div>\n\t\t\t\t\t<\/div>\n\t\t<\/div>\n\t\t\t\t\t<\/div>\n\t\t<\/div>\n\t\t\t\t<section class=\"elementor-section elementor-top-section elementor-element elementor-element-b9360fb elementor-section-boxed elementor-section-height-default elementor-section-height-default\" data-id=\"b9360fb\" data-element_type=\"section\">\n\t\t\t\t\t\t<div class=\"elementor-container elementor-column-gap-default\">\n\t\t\t\t\t<div class=\"elementor-column elementor-col-100 elementor-top-column elementor-element elementor-element-8164994\" data-id=\"8164994\" data-element_type=\"column\">\n\t\t\t<div class=\"elementor-widget-wrap elementor-element-populated\">\n\t\t\t\t\t\t<div class=\"elementor-element elementor-element-98ba282 elementor-widget elementor-widget-EscolaPartnerArea\" data-id=\"98ba282\" data-element_type=\"widget\" data-widget_type=\"EscolaPartnerArea.default\">\n\t\t\t\t<div class=\"elementor-widget-container\">\n\t\t\t        <div class=\"pb-140\">\r\n\t\t\t<div class=\"container\">\r\n                                    <span class=\"partner-title\">Chosen by the Local Education Authority (DPE) as a center for national level exams<\/span>\r\n                \r\n\t\t\t\t<div class=\"border-style pb-100\">\r\n\t\t\t\t\t<div class=\"swiper partner-slide text-center\">\r\n\t\t\t\t\t\t<div class=\"swiper-wrapper\">\r\n                                                                                    <div class=\"swiper-slide\">\r\n                                    <img decoding=\"async\" src=\"https:\/\/morissalakante.com\/wp-content\/uploads\/2024\/07\/DPE.jpeg\" alt=\"image\">\r\n                                <\/div>\r\n                                                        \t\t\t\t\t\t<\/div>\r\n\t\t\t\t\t<\/div>\r\n\t\t\t\t<\/div>\r\n\t\t\t<\/div>\r\n\t\t<\/div>\r\n        \t\t<\/div>\n\t\t\t\t<\/div>\n\t\t\t\t\t<\/div>\n\t\t<\/div>\n\t\t\t\t\t<\/div>\n\t\t<\/section>\n\t\t\t\t<section class=\"elementor-section elementor-top-section elementor-element elementor-element-8b6bc3a elementor-section-boxed elementor-section-height-default elementor-section-height-default\" data-id=\"8b6bc3a\" data-element_type=\"section\">\n\t\t\t\t\t\t<div class=\"elementor-container elementor-column-gap-default\">\n\t\t\t\t\t<div class=\"elementor-column elementor-col-100 elementor-top-column elementor-element elementor-element-03df424\" data-id=\"03df424\" data-element_type=\"column\">\n\t\t\t<div class=\"elementor-widget-wrap\">\n\t\t\t\t\t\t\t<\/div>\n\t\t<\/div>\n\t\t\t\t\t<\/div>\n\t\t<\/section>\n\t\t\t\t<\/div>\n\t\t","protected":false},"excerpt":{"rendered":"<p>SCHOOL OVERVIEW The Elhadj Morissala Kante School Group (GSEMK) is located in the Dorota district, north of the city of N\u2019z\u00e9r\u00e9kor\u00e9, with an area of 1440 m2. It consists of two buildings that include an administrative office, modern pre-K through primary classrooms. It also has a computer room and a playground and sports field. It <\/p>\n","protected":false},"author":1,"featured_media":0,"parent":0,"menu_order":0,"comment_status":"closed","ping_status":"closed","template":"","meta":{"_acf_changed":false,"footnotes":""},"class_list":["post-1468","page","type-page","status-publish","hentry"],"acf":[],"_links":{"self":[{"href":"https:\/\/morissalakante.com\/en\/wp-json\/wp\/v2\/pages\/1468","targetHints":{"allow":["GET"]}}],"collection":[{"href":"https:\/\/morissalakante.com\/en\/wp-json\/wp\/v2\/pages"}],"about":[{"href":"https:\/\/morissalakante.com\/en\/wp-json\/wp\/v2\/types\/page"}],"author":[{"embeddable":true,"href":"https:\/\/morissalakante.com\/en\/wp-json\/wp\/v2\/users\/1"}],"replies":[{"embeddable":true,"href":"https:\/\/morissalakante.com\/en\/wp-json\/wp\/v2\/comments?post=1468"}],"version-history":[{"count":20,"href":"https:\/\/morissalakante.com\/en\/wp-json\/wp\/v2\/pages\/1468\/revisions"}],"predecessor-version":[{"id":1690,"href":"https:\/\/morissalakante.com\/en\/wp-json\/wp\/v2\/pages\/1468\/revisions\/1690"}],"wp:attachment":[{"href":"https:\/\/morissalakante.com\/en\/wp-json\/wp\/v2\/media?parent=1468"}],"curies":[{"name":"wp","href":"https:\/\/api.w.org\/{rel}","templated":true}]}}