{"id":171,"date":"2023-11-16T03:43:44","date_gmt":"2023-11-16T03:43:44","guid":{"rendered":"https:\/\/morissalakante.com\/?page_id=171"},"modified":"2024-07-25T20:50:48","modified_gmt":"2024-07-25T20:50:48","slug":"contact-us","status":"publish","type":"page","link":"https:\/\/morissalakante.com\/en\/contact-us\/","title":{"rendered":"Contact Us"},"content":{"rendered":"\t\t<div data-elementor-type=\"wp-page\" data-elementor-id=\"171\" class=\"elementor elementor-171\">\n\t\t\t\t\t\t<div class=\"elementor-section elementor-top-section elementor-element elementor-element-ac4b063 elementor-section-full_width elementor-section-height-default elementor-section-height-default\" data-id=\"ac4b063\" data-element_type=\"section\">\n\t\t\t\t\t\t<div class=\"elementor-container elementor-column-gap-no\">\n\t\t\t\t\t<div class=\"elementor-column elementor-col-100 elementor-top-column elementor-element elementor-element-cf9523e\" data-id=\"cf9523e\" data-element_type=\"column\">\n\t\t\t<div class=\"elementor-widget-wrap elementor-element-populated\">\n\t\t\t\t\t\t<div class=\"elementor-element elementor-element-46e1611 elementor-widget elementor-widget-EscolaContactArea\" data-id=\"46e1611\" data-element_type=\"widget\" data-widget_type=\"EscolaContactArea.default\">\n\t\t\t\t<div class=\"elementor-widget-container\">\n\t\t\t\r\n        <div class=\"ptb-140 position-relative z-1\">\r\n            <div class=\"container\">\r\n                <div class=\"row\">\r\n                                            <div class=\"col-lg-8\">\r\n                            <div class=\"contact-img\">\r\n                                <img decoding=\"async\" src=\"https:\/\/morissalakante.com\/wp-content\/uploads\/2024\/07\/Slide-02.jpg\" alt=\"Image\">\r\n                            <\/div>\r\n                        <\/div>\r\n                    \r\n                    <div class=\"col-lg-4\">\r\n                        <div class=\"contact-content\">\r\n                                                            <p><\/p>\r\n                                <div class=\"d-flex align-items-center\">\r\n                                    \r\n                                    <div class=\"flex-grow-1 ms-4\">\r\n                                        <div class=\"d-flex mb-2 lh-1\">\r\n                                            <i class=\"\"><\/i>\r\n                                            <i class=\"\"><\/i>\r\n                                            <i class=\"\"><\/i>\r\n                                            <i class=\"\"><\/i>\r\n                                            <i class=\"\"><\/i>\r\n                                        <\/div>\r\n                                        <span><\/span>\r\n                                    <\/div>\r\n                                <\/div>\r\n                                                    <\/div>\r\n                    <\/div>\r\n                <\/div>\r\n\r\n                <div class=\"contact-form-wrap\">\r\n                    <div class=\"row align-items-center\">\r\n                        <div class=\"col-xxl-4 col-lg-6\">\r\n                            <div class=\"contact-info-list\">\r\n                                <h3><\/h3>\r\n\r\n                                <ul class=\"ps-0 list-unstyled\">\r\n                                                                            <li>\r\n                                            <div class=\"d-flex align-items-center\">\r\n                                                <div class=\"flex-shrink-0\">\r\n                                                    <div class=\"icon \">\r\n                                                        <i class=\"flaticon-telephone\"><\/i>\r\n                                                    <\/div>\r\n                                                <\/div>\r\n                                                <div class=\"flex-grow-1 ms-3\">\r\n                                                            <a href=\"tel:+224 669 06 06 22\">+224 669 06 06 22<\/a>\n                                                <a href=\"tel:+224 627 87 42 42\">+224 627 87 42 42<\/a>                                                <\/div>\r\n                                            <\/div>\r\n                                        <\/li>\r\n                                                                            <li>\r\n                                            <div class=\"d-flex align-items-center\">\r\n                                                <div class=\"flex-shrink-0\">\r\n                                                    <div class=\"icon  bg-88b520\">\r\n                                                        <i class=\"flaticon-email\"><\/i>\r\n                                                    <\/div>\r\n                                                <\/div>\r\n                                                <div class=\"flex-grow-1 ms-3\">\r\n                                                    <a href=\"mailto:info@site.morissalakante.com\">info@site.morissalakante.com<\/a>\n<a href=\"mailto:morissalakante2018@gmail.com\">morissalakante2018@gmail.com<\/a>\n                                                                                                <\/div>\r\n                                            <\/div>\r\n                                        <\/li>\r\n                                                                            <li>\r\n                                            <div class=\"d-flex align-items-center\">\r\n                                                <div class=\"flex-shrink-0\">\r\n                                                    <div class=\"icon  bg-f4a21a\">\r\n                                                        <i class=\"flaticon-home-1\"><\/i>\r\n                                                    <\/div>\r\n                                                <\/div>\r\n                                                <div class=\"flex-grow-1 ms-3\">\r\n                                                          <span>Elhadj Morissala Kante School Group,\nDorota 2 district \u2013 Sector 8 on the Lola road, opposite the first petrol station 200 m away.\nBP: 168 N\u2019Z\u00e9r\u00e9kor\u00e9 \u2013 Republic of Guinea.<\/span>                                                <\/div>\r\n                                            <\/div>\r\n                                        <\/li>\r\n                                                                    <\/ul>\r\n                            <\/div>\r\n                        <\/div>\r\n\r\n                        <div class=\"col-xxl-8 col-lg-6\">\r\n                            <div class=\"contact-form bg-fffbf5 position-relative z-1\">\r\n                                <h2><\/h2>\r\n                                <p><\/p>\r\n\r\n                                \r\n                                                            <\/div>\r\n                        <\/div>\r\n                    <\/div>\r\n                <\/div>\r\n            <\/div>\r\n\r\n                                            <\/div>\r\n        \t\t<\/div>\n\t\t\t\t<\/div>\n\t\t\t\t\t<\/div>\n\t\t<\/div>\n\t\t\t\t\t<\/div>\n\t\t<\/div>\n\t\t\t\t<div class=\"elementor-section elementor-top-section elementor-element elementor-element-f0b5024 elementor-section-full_width elementor-section-height-default elementor-section-height-default\" data-id=\"f0b5024\" data-element_type=\"section\">\n\t\t\t\t\t\t<div class=\"elementor-container elementor-column-gap-no\">\n\t\t\t\t\t<div class=\"elementor-column elementor-col-100 elementor-top-column elementor-element elementor-element-f93026e\" data-id=\"f93026e\" data-element_type=\"column\">\n\t\t\t<div class=\"elementor-widget-wrap elementor-element-populated\">\n\t\t\t\t\t\t<div class=\"elementor-element elementor-element-1449065 elementor-widget elementor-widget-google_maps\" data-id=\"1449065\" data-element_type=\"widget\" data-widget_type=\"google_maps.default\">\n\t\t\t\t<div class=\"elementor-widget-container\">\n\t\t\t<style>\/*! elementor - v3.23.0 - 15-07-2024 *\/\n.elementor-widget-google_maps .elementor-widget-container{overflow:hidden}.elementor-widget-google_maps .elementor-custom-embed{line-height:0}.elementor-widget-google_maps iframe{height:300px}<\/style>\t\t<div class=\"elementor-custom-embed\">\n\t\t\t<iframe loading=\"lazy\"\n\t\t\t\t\tsrc=\"https:\/\/maps.google.com\/maps?q=Dorota%202%20Nzerekore&#038;t=m&#038;z=10&#038;output=embed&#038;iwloc=near\"\n\t\t\t\t\ttitle=\"Dorota 2 Nzerekore\"\n\t\t\t\t\taria-label=\"Dorota 2 Nzerekore\"\n\t\t\t><\/iframe>\n\t\t<\/div>\n\t\t\t\t<\/div>\n\t\t\t\t<\/div>\n\t\t\t\t\t<\/div>\n\t\t<\/div>\n\t\t\t\t\t<\/div>\n\t\t<\/div>\n\t\t\t\t<\/div>\n\t\t","protected":false},"excerpt":{"rendered":"<p>+224 669 06 06 22 +224 627 87 42 42 info@site.morissalakante.com morissalakante2018@gmail.com Elhadj Morissala Kante School Group, Dorota 2 district \u2013 Sector 8 on the Lola road, opposite the first petrol station 200 m away. BP: 168 N\u2019Z\u00e9r\u00e9kor\u00e9 \u2013 Republic of Guinea.<\/p>\n","protected":false},"author":1,"featured_media":0,"parent":0,"menu_order":0,"comment_status":"closed","ping_status":"closed","template":"","meta":{"_acf_changed":false,"footnotes":""},"class_list":["post-171","page","type-page","status-publish","hentry"],"acf":[],"_links":{"self":[{"href":"https:\/\/morissalakante.com\/en\/wp-json\/wp\/v2\/pages\/171","targetHints":{"allow":["GET"]}}],"collection":[{"href":"https:\/\/morissalakante.com\/en\/wp-json\/wp\/v2\/pages"}],"about":[{"href":"https:\/\/morissalakante.com\/en\/wp-json\/wp\/v2\/types\/page"}],"author":[{"embeddable":true,"href":"https:\/\/morissalakante.com\/en\/wp-json\/wp\/v2\/users\/1"}],"replies":[{"embeddable":true,"href":"https:\/\/morissalakante.com\/en\/wp-json\/wp\/v2\/comments?post=171"}],"version-history":[{"count":61,"href":"https:\/\/morissalakante.com\/en\/wp-json\/wp\/v2\/pages\/171\/revisions"}],"predecessor-version":[{"id":1693,"href":"https:\/\/morissalakante.com\/en\/wp-json\/wp\/v2\/pages\/171\/revisions\/1693"}],"wp:attachment":[{"href":"https:\/\/morissalakante.com\/en\/wp-json\/wp\/v2\/media?parent=171"}],"curies":[{"name":"wp","href":"https:\/\/api.w.org\/{rel}","templated":true}]}}